{"id":16,"date":"2022-03-06T10:16:00","date_gmt":"2022-03-06T10:16:00","guid":{"rendered":"https:\/\/jicformacion.es\/soluciones\/?page_id=16"},"modified":"2022-03-08T07:09:33","modified_gmt":"2022-03-08T07:09:33","slug":"jic_servicios","status":"publish","type":"page","link":"https:\/\/jicformacion.es\/soluciones\/","title":{"rendered":"JIC_Servicios"},"content":{"rendered":"\n<p class=\"has-medium-font-size\"><strong>Servicios Inform\u00e1ticos<\/strong><\/p>\n\n\n\n<p class=\"has-small-font-size\"><a href=\"https:\/\/jicformacion.es\/formacion\" data-type=\"URL\" target=\"_blank\" rel=\"noreferrer noopener\"><img loading=\"lazy\" decoding=\"async\" width=\"100\" height=\"72\" class=\"wp-image-12\" style=\"width: 100px;\" src=\"https:\/\/jicformacion.es\/soluciones\/wp-content\/uploads\/2022\/03\/formacion-e1646560029952.jpg\" alt=\"Formaci\u00f3n\"><\/a> <\/p>\n\n\n\n<p class=\"has-small-font-size\">Prestaci\u00f3n de Servicios de Redes e instalaciones de equipos en Red.<\/p>\n\n\n\n<p class=\"has-medium-font-size\"><strong>Servicios<\/strong> <strong>Hardware<\/strong>, <strong>Software y Redes<\/strong>.<\/p>\n\n\n\n<figure class=\"wp-block-image size-full is-resized\"><img loading=\"lazy\" decoding=\"async\" src=\"https:\/\/jicformacion.es\/soluciones\/wp-content\/uploads\/2022\/03\/image.jpeg\" alt=\"\" class=\"wp-image-17\" width=\"112\" height=\"63\"\/><figcaption>Configuraci\u00f3n, Reparaci\u00f3n e instalaci\u00f3n de equipos Inform\u00e1ticos, Software y Redes.<\/figcaption><\/figure>\n\n\n\n<p class=\"has-medium-font-size\"><strong>Mail Marketing y Redes Sociales<\/strong><\/p>\n\n\n\n<figure class=\"wp-block-image size-full is-resized\"><img loading=\"lazy\" decoding=\"async\" src=\"https:\/\/jicformacion.es\/soluciones\/wp-content\/uploads\/2022\/03\/image-1.jpeg\" alt=\"\" class=\"wp-image-18\" width=\"103\" height=\"77\"\/><figcaption>Configuraci\u00f3n de Mail Marketing, Facebook.<\/figcaption><\/figure>\n\n\n\n<p class=\"has-medium-font-size\"><strong>Servicio Ventas<\/strong><\/p>\n\n\n\n<figure class=\"wp-block-image size-full is-resized\"><a href=\"https:\/\/jicformacion.es\/ventas\/v3\/es\/\"><img loading=\"lazy\" decoding=\"async\" src=\"https:\/\/jicformacion.es\/soluciones\/wp-content\/uploads\/2022\/03\/image-2.jpeg\" alt=\"\" class=\"wp-image-19\" width=\"129\" height=\"86\"\/><\/a><\/figure>\n","protected":false},"excerpt":{"rendered":"<p>Servicios Inform\u00e1ticos Prestaci\u00f3n de Servicios de Redes e instalaciones de equipos en Red. Servicios Hardware, Software y Redes. Mail Marketing y Redes Sociales Servicio Ventas<\/p>\n","protected":false},"author":1,"featured_media":0,"parent":0,"menu_order":0,"comment_status":"closed","ping_status":"closed","template":"","meta":{"footnotes":""},"class_list":["post-16","page","type-page","status-publish","hentry"],"_links":{"self":[{"href":"https:\/\/jicformacion.es\/soluciones\/index.php\/wp-json\/wp\/v2\/pages\/16","targetHints":{"allow":["GET"]}}],"collection":[{"href":"https:\/\/jicformacion.es\/soluciones\/index.php\/wp-json\/wp\/v2\/pages"}],"about":[{"href":"https:\/\/jicformacion.es\/soluciones\/index.php\/wp-json\/wp\/v2\/types\/page"}],"author":[{"embeddable":true,"href":"https:\/\/jicformacion.es\/soluciones\/index.php\/wp-json\/wp\/v2\/users\/1"}],"replies":[{"embeddable":true,"href":"https:\/\/jicformacion.es\/soluciones\/index.php\/wp-json\/wp\/v2\/comments?post=16"}],"version-history":[{"count":6,"href":"https:\/\/jicformacion.es\/soluciones\/index.php\/wp-json\/wp\/v2\/pages\/16\/revisions"}],"predecessor-version":[{"id":37,"href":"https:\/\/jicformacion.es\/soluciones\/index.php\/wp-json\/wp\/v2\/pages\/16\/revisions\/37"}],"wp:attachment":[{"href":"https:\/\/jicformacion.es\/soluciones\/index.php\/wp-json\/wp\/v2\/media?parent=16"}],"curies":[{"name":"wp","href":"https:\/\/api.w.org\/{rel}","templated":true}]}}